{"id":784,"date":"2023-08-13T20:27:06","date_gmt":"2023-08-13T17:27:06","guid":{"rendered":"http:\/\/rosesborn.com\/?page_id=784"},"modified":"2023-08-13T20:30:37","modified_gmt":"2023-08-13T17:30:37","slug":"hakkimizda","status":"publish","type":"page","link":"https:\/\/rosesborn.com\/index.php\/hakkimizda\/","title":{"rendered":"Hakk\u0131m\u0131zda"},"content":{"rendered":"\t\t<div data-elementor-type=\"wp-page\" data-elementor-id=\"784\" class=\"elementor elementor-784\" data-elementor-settings=\"[]\">\n\t\t\t\t\t\t\t<div class=\"elementor-section-wrap\">\n\t\t\t\t\t\t\t<section class=\"elementor-section elementor-top-section elementor-element elementor-element-ec24de2 elementor-section-boxed elementor-section-height-default elementor-section-height-default parallax_section_no qode_elementor_container_no\" data-id=\"ec24de2\" data-element_type=\"section\">\n\t\t\t\t\t\t<div class=\"elementor-container elementor-column-gap-default\">\n\t\t\t\t\t<div class=\"elementor-column elementor-col-100 elementor-top-column elementor-element elementor-element-614e061\" data-id=\"614e061\" data-element_type=\"column\">\n\t\t\t<div class=\"elementor-widget-wrap elementor-element-populated\">\n\t\t\t\t\t\t\t\t<div class=\"elementor-element elementor-element-e6b07ea elementor-widget elementor-widget-image\" data-id=\"e6b07ea\" data-element_type=\"widget\" data-widget_type=\"image.default\">\n\t\t\t\t<div class=\"elementor-widget-container\">\n\t\t\t\t\t<div class=\"elementor-image\">\n\t\t\t\t\t\t\t\t\t\t<img width=\"635\" height=\"604\" src=\"https:\/\/rosesborn.com\/wp-content\/uploads\/2021\/03\/about-right.png\" class=\"attachment-large size-large\" alt=\"\" decoding=\"async\" loading=\"lazy\" srcset=\"https:\/\/rosesborn.com\/wp-content\/uploads\/2021\/03\/about-right.png 635w, https:\/\/rosesborn.com\/wp-content\/uploads\/2021\/03\/about-right-300x285.png 300w\" sizes=\"(max-width: 635px) 100vw, 635px\" \/>\t\t\t\t\t\t\t\t\t\t\t<\/div>\n\t\t\t\t<\/div>\n\t\t\t\t<\/div>\n\t\t\t\t\t<\/div>\n\t\t<\/div>\n\t\t\t\t\t\t\t<\/div>\n\t\t<\/section>\n\t\t\t\t<section class=\"elementor-section elementor-top-section elementor-element elementor-element-2786762 elementor-section-boxed elementor-section-height-default elementor-section-height-default parallax_section_no qode_elementor_container_no\" data-id=\"2786762\" data-element_type=\"section\">\n\t\t\t\t\t\t<div class=\"elementor-container elementor-column-gap-default\">\n\t\t\t\t\t<div class=\"elementor-column elementor-col-100 elementor-top-column elementor-element elementor-element-a6d4d2c\" data-id=\"a6d4d2c\" data-element_type=\"column\">\n\t\t\t<div class=\"elementor-widget-wrap elementor-element-populated\">\n\t\t\t\t\t\t\t\t<div class=\"elementor-element elementor-element-f43d45d elementor-widget elementor-widget-heading\" data-id=\"f43d45d\" data-element_type=\"widget\" data-widget_type=\"heading.default\">\n\t\t\t\t<div class=\"elementor-widget-container\">\n\t\t\t<h2 class=\"elementor-heading-title elementor-size-default\">TAR\u0130H\u00c7E<\/h2>\t\t<\/div>\n\t\t\t\t<\/div>\n\t\t\t\t\t<\/div>\n\t\t<\/div>\n\t\t\t\t\t\t\t<\/div>\n\t\t<\/section>\n\t\t\t\t<section class=\"elementor-section elementor-top-section elementor-element elementor-element-f5fe64e elementor-section-boxed elementor-section-height-default elementor-section-height-default parallax_section_no qode_elementor_container_no\" data-id=\"f5fe64e\" data-element_type=\"section\">\n\t\t\t\t\t\t<div class=\"elementor-container elementor-column-gap-default\">\n\t\t\t\t\t<div class=\"elementor-column elementor-col-100 elementor-top-column elementor-element elementor-element-278f0ae\" data-id=\"278f0ae\" data-element_type=\"column\">\n\t\t\t<div class=\"elementor-widget-wrap elementor-element-populated\">\n\t\t\t\t\t\t\t\t<div class=\"elementor-element elementor-element-7ea7359 elementor-widget elementor-widget-text-editor\" data-id=\"7ea7359\" data-element_type=\"widget\" data-widget_type=\"text-editor.default\">\n\t\t\t\t<div class=\"elementor-widget-container\">\n\t\t\t\t\t<div class=\"elementor-text-editor elementor-clearfix\"><p>T\u00fcrkiye&#8217;nin g\u00fcllerle \u00f6zde\u015fle\u015fen g\u00fczellikleri aras\u0131nda parlayan en \u00f6nemli \u015fehirlerden biri olan Isparta, y\u0131llard\u0131r yeti\u015ftirdi\u011fi g\u00fcl \u00e7i\u00e7ekleri ile \u00fcnl\u00fcd\u00fcr. Isparta&#8217;n\u0131n mistik da\u011flar\u0131n\u0131n eteklerinde, tertemiz havas\u0131 ve bereketli topraklar\u0131yla yeti\u015fen g\u00fcl \u00e7i\u00e7ekleri, d\u00fcnya genelinde e\u015fsiz kokusuyla tan\u0131n\u0131r.<\/p><p>Isparta g\u00fcl\u00fc, y\u00fczy\u0131llard\u0131r g\u00fczellik ve sa\u011fl\u0131k i\u00e7in kullan\u0131lan \u00f6zel bir bitkidir. G\u00fcl yapraklar\u0131ndan \u00fcretilen ya\u011flar, parf\u00fcm end\u00fcstrisinde en kaliteli ya\u011flar\u0131n ba\u015f\u0131nda gelir. Isparta&#8217;n\u0131n do\u011fal ko\u015fullar\u0131n\u0131n verdi\u011fi benzersiz aroma, g\u00fcl ya\u011f\u0131n\u0131n de\u011ferini art\u0131r\u0131r ve d\u00fcnyan\u0131n d\u00f6rt bir yan\u0131na yay\u0131l\u0131r.<\/p><p>Bu zarif \u00e7i\u00e7e\u011fin g\u00fczellik s\u0131rlar\u0131n\u0131 ke\u015ffetmek isteyenler i\u00e7in Isparta&#8217;da d\u00fczenlenen g\u00fcl festivali ka\u00e7\u0131r\u0131lmayacak bir deneyim sunar. Festivalde g\u00fcl hasad\u0131, g\u00fcl ya\u011f\u0131 \u00fcretimi ve g\u00fcl suyu dam\u0131t\u0131m\u0131 gibi geleneksel y\u00f6ntemleri \u00f6\u011frenme f\u0131rsat\u0131 bulabilirsiniz.<\/p><p>Isparta&#8217;n\u0131n g\u00fcl bah\u00e7eleri sadece g\u00f6z al\u0131c\u0131 manzaralar sunmakla kalmaz, ayn\u0131 zamanda ziyaret\u00e7ilerini b\u00fcy\u00fcleyici bir kokunun i\u00e7ine \u00e7eker. G\u00fcl bah\u00e7elerinde yap\u0131lan y\u00fcr\u00fcy\u00fc\u015fler, ruhunuzu dinlendirirken do\u011fan\u0131n sundu\u011fu g\u00fczelliklere de tan\u0131kl\u0131k etme imkan\u0131 verir.<\/p><p>E\u011fer siz de e\u015fsiz bir deneyim aray\u0131\u015f\u0131ndaysan\u0131z, Isparta g\u00fcl\u00fcn\u00fcn b\u00fcy\u00fcl\u00fc d\u00fcnyas\u0131n\u0131 ke\u015ffetmeye davetlisiniz. Do\u011fan\u0131n en zarif arma\u011fanlar\u0131ndan biri olan bu \u00e7i\u00e7ek, Isparta&#8217;n\u0131n tarihi ve do\u011fal g\u00fczellikleriyle harmanlanarak unutulmaz an\u0131lar b\u0131rakacakt\u0131r.<\/p><\/div>\n\t\t\t\t<\/div>\n\t\t\t\t<\/div>\n\t\t\t\t\t<\/div>\n\t\t<\/div>\n\t\t\t\t\t\t\t<\/div>\n\t\t<\/section>\n\t\t\t\t\t\t<\/div>\n\t\t\t\t\t<\/div>\n\t\t","protected":false},"excerpt":{"rendered":"<p>TAR\u0130H\u00c7E T\u00fcrkiye&#8217;nin g\u00fcllerle \u00f6zde\u015fle\u015fen g\u00fczellikleri aras\u0131nda parlayan en \u00f6nemli \u015fehirlerden biri olan Isparta, y\u0131llard\u0131r yeti\u015ftirdi\u011fi g\u00fcl \u00e7i\u00e7ekleri ile \u00fcnl\u00fcd\u00fcr. Isparta&#8217;n\u0131n mistik da\u011flar\u0131n\u0131n eteklerinde, tertemiz havas\u0131 ve bereketli topraklar\u0131yla yeti\u015fen g\u00fcl \u00e7i\u00e7ekleri, d\u00fcnya genelinde e\u015fsiz kokusuyla tan\u0131n\u0131r. Isparta g\u00fcl\u00fc, y\u00fczy\u0131llard\u0131r g\u00fczellik ve sa\u011fl\u0131k i\u00e7in kullan\u0131lan \u00f6zel&#8230;<\/p>\n","protected":false},"author":1,"featured_media":0,"parent":0,"menu_order":0,"comment_status":"closed","ping_status":"closed","template":"","meta":[],"_links":{"self":[{"href":"https:\/\/rosesborn.com\/index.php\/wp-json\/wp\/v2\/pages\/784"}],"collection":[{"href":"https:\/\/rosesborn.com\/index.php\/wp-json\/wp\/v2\/pages"}],"about":[{"href":"https:\/\/rosesborn.com\/index.php\/wp-json\/wp\/v2\/types\/page"}],"author":[{"embeddable":true,"href":"https:\/\/rosesborn.com\/index.php\/wp-json\/wp\/v2\/users\/1"}],"replies":[{"embeddable":true,"href":"https:\/\/rosesborn.com\/index.php\/wp-json\/wp\/v2\/comments?post=784"}],"version-history":[{"count":4,"href":"https:\/\/rosesborn.com\/index.php\/wp-json\/wp\/v2\/pages\/784\/revisions"}],"predecessor-version":[{"id":797,"href":"https:\/\/rosesborn.com\/index.php\/wp-json\/wp\/v2\/pages\/784\/revisions\/797"}],"wp:attachment":[{"href":"https:\/\/rosesborn.com\/index.php\/wp-json\/wp\/v2\/media?parent=784"}],"curies":[{"name":"wp","href":"https:\/\/api.w.org\/{rel}","templated":true}]}}