{"id":716,"date":"2023-08-12T19:30:30","date_gmt":"2023-08-12T16:30:30","guid":{"rendered":"http:\/\/rosesborn.com\/?page_id=716"},"modified":"2023-10-07T01:00:25","modified_gmt":"2023-10-06T22:00:25","slug":"urunlerimiz","status":"publish","type":"page","link":"https:\/\/rosesborn.com\/index.php\/urunlerimiz\/","title":{"rendered":"\u00dcr\u00fcnlerimiz"},"content":{"rendered":"\t\t<div data-elementor-type=\"wp-page\" data-elementor-id=\"716\" class=\"elementor elementor-716\" data-elementor-settings=\"[]\">\n\t\t\t\t\t\t\t<div class=\"elementor-section-wrap\">\n\t\t\t\t\t\t\t<section class=\"elementor-section elementor-top-section elementor-element elementor-element-9163e54 elementor-section-boxed elementor-section-height-default elementor-section-height-default parallax_section_no qode_elementor_container_no\" data-id=\"9163e54\" data-element_type=\"section\">\n\t\t\t\t\t\t<div class=\"elementor-container elementor-column-gap-default\">\n\t\t\t\t\t<div class=\"elementor-column elementor-col-100 elementor-top-column elementor-element elementor-element-b159451\" data-id=\"b159451\" data-element_type=\"column\">\n\t\t\t<div class=\"elementor-widget-wrap elementor-element-populated\">\n\t\t\t\t\t\t\t\t<div class=\"elementor-element elementor-element-de5ea91 elementor-widget elementor-widget-text-editor\" data-id=\"de5ea91\" data-element_type=\"widget\" data-widget_type=\"text-editor.default\">\n\t\t\t\t<div class=\"elementor-widget-container\">\n\t\t\t\t\t<div class=\"elementor-text-editor elementor-clearfix\"><h1>\u00dcr\u00fcnlerimiz<\/h1><\/div>\n\t\t\t\t<\/div>\n\t\t\t\t<\/div>\n\t\t\t\t\t<\/div>\n\t\t<\/div>\n\t\t\t\t\t\t\t<\/div>\n\t\t<\/section>\n\t\t\t\t<section class=\"elementor-section elementor-top-section elementor-element elementor-element-97b4e87 elementor-section-boxed elementor-section-height-default elementor-section-height-default parallax_section_no qode_elementor_container_no\" data-id=\"97b4e87\" data-element_type=\"section\">\n\t\t\t\t\t\t<div class=\"elementor-container elementor-column-gap-default\">\n\t\t\t\t\t<div class=\"elementor-column elementor-col-50 elementor-top-column elementor-element elementor-element-304b66d\" data-id=\"304b66d\" data-element_type=\"column\">\n\t\t\t<div class=\"elementor-widget-wrap elementor-element-populated\">\n\t\t\t\t\t\t\t\t<div class=\"elementor-element elementor-element-893e9cc elementor-position-left elementor-vertical-align-top elementor-widget elementor-widget-image-box\" data-id=\"893e9cc\" data-element_type=\"widget\" data-widget_type=\"image-box.default\">\n\t\t\t\t<div class=\"elementor-widget-container\">\n\t\t\t<div class=\"elementor-image-box-wrapper\"><figure class=\"elementor-image-box-img\"><img width=\"1080\" height=\"1080\" src=\"https:\/\/rosesborn.com\/wp-content\/uploads\/2023\/10\/Gul-Suyu-Tomurcuk.png\" class=\"attachment-full size-full\" alt=\"\" decoding=\"async\" loading=\"lazy\" srcset=\"https:\/\/rosesborn.com\/wp-content\/uploads\/2023\/10\/Gul-Suyu-Tomurcuk.png 1080w, https:\/\/rosesborn.com\/wp-content\/uploads\/2023\/10\/Gul-Suyu-Tomurcuk-300x300.png 300w, https:\/\/rosesborn.com\/wp-content\/uploads\/2023\/10\/Gul-Suyu-Tomurcuk-1024x1024.png 1024w, https:\/\/rosesborn.com\/wp-content\/uploads\/2023\/10\/Gul-Suyu-Tomurcuk-150x150.png 150w, https:\/\/rosesborn.com\/wp-content\/uploads\/2023\/10\/Gul-Suyu-Tomurcuk-768x768.png 768w, https:\/\/rosesborn.com\/wp-content\/uploads\/2023\/10\/Gul-Suyu-Tomurcuk-570x570.png 570w, https:\/\/rosesborn.com\/wp-content\/uploads\/2023\/10\/Gul-Suyu-Tomurcuk-500x500.png 500w, https:\/\/rosesborn.com\/wp-content\/uploads\/2023\/10\/Gul-Suyu-Tomurcuk-1000x1000.png 1000w, https:\/\/rosesborn.com\/wp-content\/uploads\/2023\/10\/Gul-Suyu-Tomurcuk-700x700.png 700w\" sizes=\"(max-width: 1080px) 100vw, 1080px\" \/><\/figure><div class=\"elementor-image-box-content\"><h3 class=\"elementor-image-box-title\">G\u00fcL SUYU<\/h3><p class=\"elementor-image-box-description\">G\u00fcl suyu, g\u00fcl ya\u011f\u0131 \u00fcretimi esas\u0131nda ya\u011fl\u0131 su olarak elde edilen saf ve temiz g\u00fcl kokulu do\u011fal sudur. Do\u011fal olarak \u00fcretilen g\u00fcl sular\u0131 defalarca filtreden ge\u00e7irilerek, \u015fi\u015felere dolumu yap\u0131l\u0131r ve ambalajlan\u0131p sat\u0131\u015fa sunulur. G\u00fcl sular\u0131n\u0131n do\u011fal olmas\u0131, cildi besleyici nemlendirici ve dokular\u0131 gerginle\u015ftirici \u00f6zelli\u011fi nedeniyle v\u00fccut ve makyaj temizli\u011finde kullan\u0131lmaktad\u0131r.<\/p><\/div><\/div>\t\t<\/div>\n\t\t\t\t<\/div>\n\t\t\t\t\t<\/div>\n\t\t<\/div>\n\t\t\t\t<div class=\"elementor-column elementor-col-50 elementor-top-column elementor-element elementor-element-2632630\" data-id=\"2632630\" data-element_type=\"column\">\n\t\t\t<div class=\"elementor-widget-wrap elementor-element-populated\">\n\t\t\t\t\t\t\t\t<div class=\"elementor-element elementor-element-d42c8c7 elementor-position-left elementor-vertical-align-top elementor-widget elementor-widget-image-box\" data-id=\"d42c8c7\" data-element_type=\"widget\" data-widget_type=\"image-box.default\">\n\t\t\t\t<div class=\"elementor-widget-container\">\n\t\t\t<div class=\"elementor-image-box-wrapper\"><figure class=\"elementor-image-box-img\"><img width=\"1080\" height=\"1080\" src=\"https:\/\/rosesborn.com\/wp-content\/uploads\/2023\/10\/Gul-Yagi.png\" class=\"attachment-full size-full\" alt=\"\" decoding=\"async\" loading=\"lazy\" srcset=\"https:\/\/rosesborn.com\/wp-content\/uploads\/2023\/10\/Gul-Yagi.png 1080w, https:\/\/rosesborn.com\/wp-content\/uploads\/2023\/10\/Gul-Yagi-300x300.png 300w, https:\/\/rosesborn.com\/wp-content\/uploads\/2023\/10\/Gul-Yagi-1024x1024.png 1024w, https:\/\/rosesborn.com\/wp-content\/uploads\/2023\/10\/Gul-Yagi-150x150.png 150w, https:\/\/rosesborn.com\/wp-content\/uploads\/2023\/10\/Gul-Yagi-768x768.png 768w, https:\/\/rosesborn.com\/wp-content\/uploads\/2023\/10\/Gul-Yagi-570x570.png 570w, https:\/\/rosesborn.com\/wp-content\/uploads\/2023\/10\/Gul-Yagi-500x500.png 500w, https:\/\/rosesborn.com\/wp-content\/uploads\/2023\/10\/Gul-Yagi-1000x1000.png 1000w, https:\/\/rosesborn.com\/wp-content\/uploads\/2023\/10\/Gul-Yagi-700x700.png 700w\" sizes=\"(max-width: 1080px) 100vw, 1080px\" \/><\/figure><div class=\"elementor-image-box-content\"><h3 class=\"elementor-image-box-title\">G\u00fcL YA\u011eI<\/h3><p class=\"elementor-image-box-description\">Parf\u00fcm ve Kozmetik sanayinin en \u00f6nemli hammaddelerinden olan g\u00fcl ya\u011f\u0131, pembe ya\u011f g\u00fcl\u00fcn\u00fcn buharl\u0131 distilasyon y\u00f6ntemiyle (kaynat\u0131lmas\u0131yla) \u00fcretilir. Her y\u0131l May\u0131s ve Haziran aylar\u0131nda toplanan g\u00fcller, hava \u015fartlar\u0131n\u0131n da katk\u0131s\u0131 sonucu \u00fcst\u00fcn kalitede g\u00fcl ya\u011f\u0131 \u00fcretiminin ger\u00e7ekle\u015ftirilmesini sa\u011flar. Ortalama 4 bin kilo g\u00fcl \u00e7i\u00e7e\u011finden 1 kilo G\u00fcl Ya\u011f\u0131 elde edilir. Parf\u00fcm ve Kozmetik sanayinin en \u00f6nemli ve en pahal\u0131 hammaddesidir.<\/p><\/div><\/div>\t\t<\/div>\n\t\t\t\t<\/div>\n\t\t\t\t\t<\/div>\n\t\t<\/div>\n\t\t\t\t\t\t\t<\/div>\n\t\t<\/section>\n\t\t\t\t<section class=\"elementor-section elementor-top-section elementor-element elementor-element-4cc20a6 elementor-section-boxed elementor-section-height-default elementor-section-height-default parallax_section_no qode_elementor_container_no\" data-id=\"4cc20a6\" data-element_type=\"section\">\n\t\t\t\t\t\t<div class=\"elementor-container elementor-column-gap-default\">\n\t\t\t\t\t<div class=\"elementor-column elementor-col-50 elementor-top-column elementor-element elementor-element-64fb590\" data-id=\"64fb590\" data-element_type=\"column\">\n\t\t\t<div class=\"elementor-widget-wrap elementor-element-populated\">\n\t\t\t\t\t\t\t\t<div class=\"elementor-element elementor-element-b7bb535 elementor-position-left elementor-vertical-align-top elementor-widget elementor-widget-image-box\" data-id=\"b7bb535\" data-element_type=\"widget\" data-widget_type=\"image-box.default\">\n\t\t\t\t<div class=\"elementor-widget-container\">\n\t\t\t<div class=\"elementor-image-box-wrapper\"><figure class=\"elementor-image-box-img\"><img width=\"1080\" height=\"1080\" src=\"https:\/\/rosesborn.com\/wp-content\/uploads\/2023\/10\/RosesBorn-Gul-Mayasi.png\" class=\"attachment-full size-full\" alt=\"\" decoding=\"async\" loading=\"lazy\" srcset=\"https:\/\/rosesborn.com\/wp-content\/uploads\/2023\/10\/RosesBorn-Gul-Mayasi.png 1080w, https:\/\/rosesborn.com\/wp-content\/uploads\/2023\/10\/RosesBorn-Gul-Mayasi-300x300.png 300w, https:\/\/rosesborn.com\/wp-content\/uploads\/2023\/10\/RosesBorn-Gul-Mayasi-1024x1024.png 1024w, https:\/\/rosesborn.com\/wp-content\/uploads\/2023\/10\/RosesBorn-Gul-Mayasi-150x150.png 150w, https:\/\/rosesborn.com\/wp-content\/uploads\/2023\/10\/RosesBorn-Gul-Mayasi-768x768.png 768w, https:\/\/rosesborn.com\/wp-content\/uploads\/2023\/10\/RosesBorn-Gul-Mayasi-570x570.png 570w, https:\/\/rosesborn.com\/wp-content\/uploads\/2023\/10\/RosesBorn-Gul-Mayasi-500x500.png 500w, https:\/\/rosesborn.com\/wp-content\/uploads\/2023\/10\/RosesBorn-Gul-Mayasi-1000x1000.png 1000w, https:\/\/rosesborn.com\/wp-content\/uploads\/2023\/10\/RosesBorn-Gul-Mayasi-700x700.png 700w\" sizes=\"(max-width: 1080px) 100vw, 1080px\" \/><\/figure><div class=\"elementor-image-box-content\"><h3 class=\"elementor-image-box-title\">G\u00fcL Mayas\u0131<\/h3><p class=\"elementor-image-box-description\">G\u00fcl mayas\u0131, g\u00fcl ya\u011f\u0131 \u00fcretimi esas\u0131nda ya\u011fl\u0131 su (maya) olarak elde edilen saf ve temiz g\u00fcl kokulu do\u011fal ya\u011fl\u0131 sudur. Do\u011fal olarak \u00fcretilen g\u00fcl mayalar\u0131 defalarca filtreden ge\u00e7irilerek, \u015fi\u015felere dolumu yap\u0131l\u0131r ve ambalajlan\u0131p sat\u0131\u015fa sunulur. G\u00fcl mayalar\u0131n\u0131n do\u011fal olmas\u0131, cildi besleyici nemlendirici ve dokular\u0131 gerginle\u015ftirici \u00f6zelli\u011fi nedeniyle do\u011fal tonik olarak kullan\u0131lmaktad\u0131r.<\/p><\/div><\/div>\t\t<\/div>\n\t\t\t\t<\/div>\n\t\t\t\t\t<\/div>\n\t\t<\/div>\n\t\t\t\t<div class=\"elementor-column elementor-col-50 elementor-top-column elementor-element elementor-element-0ec6e84\" data-id=\"0ec6e84\" data-element_type=\"column\">\n\t\t\t<div class=\"elementor-widget-wrap elementor-element-populated\">\n\t\t\t\t\t\t\t\t<div class=\"elementor-element elementor-element-30971f0 elementor-position-left elementor-vertical-align-top elementor-widget elementor-widget-image-box\" data-id=\"30971f0\" data-element_type=\"widget\" data-widget_type=\"image-box.default\">\n\t\t\t\t<div class=\"elementor-widget-container\">\n\t\t\t<div class=\"elementor-image-box-wrapper\"><figure class=\"elementor-image-box-img\"><img width=\"1080\" height=\"1080\" src=\"https:\/\/rosesborn.com\/wp-content\/uploads\/2023\/10\/Rose-Vera.png\" class=\"attachment-full size-full\" alt=\"\" decoding=\"async\" loading=\"lazy\" srcset=\"https:\/\/rosesborn.com\/wp-content\/uploads\/2023\/10\/Rose-Vera.png 1080w, https:\/\/rosesborn.com\/wp-content\/uploads\/2023\/10\/Rose-Vera-300x300.png 300w, https:\/\/rosesborn.com\/wp-content\/uploads\/2023\/10\/Rose-Vera-1024x1024.png 1024w, https:\/\/rosesborn.com\/wp-content\/uploads\/2023\/10\/Rose-Vera-150x150.png 150w, https:\/\/rosesborn.com\/wp-content\/uploads\/2023\/10\/Rose-Vera-768x768.png 768w, https:\/\/rosesborn.com\/wp-content\/uploads\/2023\/10\/Rose-Vera-570x570.png 570w, https:\/\/rosesborn.com\/wp-content\/uploads\/2023\/10\/Rose-Vera-500x500.png 500w, https:\/\/rosesborn.com\/wp-content\/uploads\/2023\/10\/Rose-Vera-1000x1000.png 1000w, https:\/\/rosesborn.com\/wp-content\/uploads\/2023\/10\/Rose-Vera-700x700.png 700w\" sizes=\"(max-width: 1080px) 100vw, 1080px\" \/><\/figure><div class=\"elementor-image-box-content\"><h3 class=\"elementor-image-box-title\">rose vera<\/h3><p class=\"elementor-image-box-description\">TR ROSESBORN AQUA bak\u0131r kazanlarda dam\u0131t\u0131lm\u0131\u015f saf G\u00fcl suyu ve Aleo Vera jelinin e\u015fsiz kar\u0131\u015f\u0131m\u0131. Do\u011fal tonik etkisi ile cildi nemlendirir, sivilce ve akneye kar\u015f\u0131 etkilidir, yara ve yan\u0131\u011fa iyi gelir. Damlal\u0131k yard\u0131m\u0131 ile sabah ak\u015fam cildinize uygulayan\u0131z. Serin, kuru ve kokusuz ortamda g\u00fcne\u015f \u0131\u015f\u0131\u011f\u0131ndan (buzdolab\u0131nda) saklay\u0131n\u0131z.<\/p><\/div><\/div>\t\t<\/div>\n\t\t\t\t<\/div>\n\t\t\t\t\t<\/div>\n\t\t<\/div>\n\t\t\t\t\t\t\t<\/div>\n\t\t<\/section>\n\t\t\t\t<section class=\"elementor-section elementor-top-section elementor-element elementor-element-fdc5ec0 elementor-section-boxed elementor-section-height-default elementor-section-height-default parallax_section_no qode_elementor_container_no\" data-id=\"fdc5ec0\" data-element_type=\"section\">\n\t\t\t\t\t\t<div class=\"elementor-container elementor-column-gap-default\">\n\t\t\t\t\t<div class=\"elementor-column elementor-col-50 elementor-top-column elementor-element elementor-element-3ebf5ec\" data-id=\"3ebf5ec\" data-element_type=\"column\">\n\t\t\t<div class=\"elementor-widget-wrap elementor-element-populated\">\n\t\t\t\t\t\t\t\t<div class=\"elementor-element elementor-element-066dcb9 elementor-position-left elementor-vertical-align-top elementor-widget elementor-widget-image-box\" data-id=\"066dcb9\" data-element_type=\"widget\" data-widget_type=\"image-box.default\">\n\t\t\t\t<div class=\"elementor-widget-container\">\n\t\t\t<div class=\"elementor-image-box-wrapper\"><figure class=\"elementor-image-box-img\"><img width=\"1440\" height=\"1440\" src=\"https:\/\/rosesborn.com\/wp-content\/uploads\/2023\/10\/Goz-alti.png\" class=\"attachment-full size-full\" alt=\"\" decoding=\"async\" loading=\"lazy\" srcset=\"https:\/\/rosesborn.com\/wp-content\/uploads\/2023\/10\/Goz-alti.png 1440w, https:\/\/rosesborn.com\/wp-content\/uploads\/2023\/10\/Goz-alti-300x300.png 300w, https:\/\/rosesborn.com\/wp-content\/uploads\/2023\/10\/Goz-alti-1024x1024.png 1024w, https:\/\/rosesborn.com\/wp-content\/uploads\/2023\/10\/Goz-alti-150x150.png 150w, https:\/\/rosesborn.com\/wp-content\/uploads\/2023\/10\/Goz-alti-768x768.png 768w, https:\/\/rosesborn.com\/wp-content\/uploads\/2023\/10\/Goz-alti-570x570.png 570w, https:\/\/rosesborn.com\/wp-content\/uploads\/2023\/10\/Goz-alti-500x500.png 500w, https:\/\/rosesborn.com\/wp-content\/uploads\/2023\/10\/Goz-alti-1000x1000.png 1000w, https:\/\/rosesborn.com\/wp-content\/uploads\/2023\/10\/Goz-alti-700x700.png 700w\" sizes=\"(max-width: 1440px) 100vw, 1440px\" \/><\/figure><div class=\"elementor-image-box-content\"><h3 class=\"elementor-image-box-title\">24k alt\u0131n partik\u00fcll\u00fc g\u00f6z alt\u0131<\/h3><p class=\"elementor-image-box-description\">24K Alt\u0131n Partik\u00fcll\u00fc G\u00f6z Alt\u0131 Serumu, g\u00f6z alt\u0131ndaki morluklara kar\u015f\u0131 etkilidir. G\u00f6z alt\u0131ndaki k\u0131r\u0131\u015f\u0131klar\u0131 giderir. G\u00f6z alt\u0131ndaki \u015fi\u015fliklere etkilidir. G\u00f6z alt\u0131 torba olu\u015fumunu\nengeller.\n<\/p><\/div><\/div>\t\t<\/div>\n\t\t\t\t<\/div>\n\t\t\t\t\t<\/div>\n\t\t<\/div>\n\t\t\t\t<div class=\"elementor-column elementor-col-50 elementor-top-column elementor-element elementor-element-b06c34e\" data-id=\"b06c34e\" data-element_type=\"column\">\n\t\t\t<div class=\"elementor-widget-wrap elementor-element-populated\">\n\t\t\t\t\t\t\t\t<div class=\"elementor-element elementor-element-f1a9733 elementor-position-left elementor-vertical-align-top elementor-widget elementor-widget-image-box\" data-id=\"f1a9733\" data-element_type=\"widget\" data-widget_type=\"image-box.default\">\n\t\t\t\t<div class=\"elementor-widget-container\">\n\t\t\t<div class=\"elementor-image-box-wrapper\"><figure class=\"elementor-image-box-img\"><img width=\"1440\" height=\"1440\" src=\"https:\/\/rosesborn.com\/wp-content\/uploads\/2023\/10\/Tomurcuk.png\" class=\"attachment-full size-full\" alt=\"\" decoding=\"async\" loading=\"lazy\" srcset=\"https:\/\/rosesborn.com\/wp-content\/uploads\/2023\/10\/Tomurcuk.png 1440w, https:\/\/rosesborn.com\/wp-content\/uploads\/2023\/10\/Tomurcuk-300x300.png 300w, https:\/\/rosesborn.com\/wp-content\/uploads\/2023\/10\/Tomurcuk-1024x1024.png 1024w, https:\/\/rosesborn.com\/wp-content\/uploads\/2023\/10\/Tomurcuk-150x150.png 150w, https:\/\/rosesborn.com\/wp-content\/uploads\/2023\/10\/Tomurcuk-768x768.png 768w, https:\/\/rosesborn.com\/wp-content\/uploads\/2023\/10\/Tomurcuk-570x570.png 570w, https:\/\/rosesborn.com\/wp-content\/uploads\/2023\/10\/Tomurcuk-500x500.png 500w, https:\/\/rosesborn.com\/wp-content\/uploads\/2023\/10\/Tomurcuk-1000x1000.png 1000w, https:\/\/rosesborn.com\/wp-content\/uploads\/2023\/10\/Tomurcuk-700x700.png 700w\" sizes=\"(max-width: 1440px) 100vw, 1440px\" \/><\/figure><div class=\"elementor-image-box-content\"><h3 class=\"elementor-image-box-title\">G\u00fcL tomurcu\u011fu<\/h3><p class=\"elementor-image-box-description\">\nG\u00fcl \u00e7ay\u0131n\u0131n ho\u015f kokusundan, ferahlat\u0131c\u0131 \u00f6zelli\u011fi bilinen bir ger\u00e7ektir. \u0130\u015fte g\u00fcl \u00e7ay\u0131n\u0131n faydalar\u0131\nBa\u011f\u0131rsaklar\u0131 rahatlat\u0131r. Bademcik rahats\u0131zl\u0131\u011f\u0131na iyi gelir.A\u011f\u0131z kokusunu \u00f6nler.\nSakinle\u015ftirir, depresyonu \u00f6nler. Yaralar\u0131n temizlenmesinde kullan\u0131l\u0131r. Kalbi rahatlat\u0131r ve ci\u011ferin iyi \u00e7al\u0131\u015fmas\u0131n\u0131 destekler. Adet sanc\u0131s\u0131n\u0131 giderir.<\/p><\/div><\/div>\t\t<\/div>\n\t\t\t\t<\/div>\n\t\t\t\t\t<\/div>\n\t\t<\/div>\n\t\t\t\t\t\t\t<\/div>\n\t\t<\/section>\n\t\t\t\t<section class=\"elementor-section elementor-top-section elementor-element elementor-element-ea7fcab elementor-section-boxed elementor-section-height-default elementor-section-height-default parallax_section_no qode_elementor_container_no\" data-id=\"ea7fcab\" data-element_type=\"section\">\n\t\t\t\t\t\t<div class=\"elementor-container elementor-column-gap-default\">\n\t\t\t\t\t<div class=\"elementor-column elementor-col-50 elementor-top-column elementor-element elementor-element-3815fe5\" data-id=\"3815fe5\" data-element_type=\"column\">\n\t\t\t<div class=\"elementor-widget-wrap elementor-element-populated\">\n\t\t\t\t\t\t\t\t<div class=\"elementor-element elementor-element-5dce350 elementor-position-left elementor-vertical-align-top elementor-widget elementor-widget-image-box\" data-id=\"5dce350\" data-element_type=\"widget\" data-widget_type=\"image-box.default\">\n\t\t\t\t<div class=\"elementor-widget-container\">\n\t\t\t<div class=\"elementor-image-box-wrapper\"><figure class=\"elementor-image-box-img\"><img width=\"1080\" height=\"1080\" src=\"https:\/\/rosesborn.com\/wp-content\/uploads\/2023\/10\/Ayurveda-Yasam-Kremi-100ml.png\" class=\"attachment-full size-full\" alt=\"\" decoding=\"async\" loading=\"lazy\" srcset=\"https:\/\/rosesborn.com\/wp-content\/uploads\/2023\/10\/Ayurveda-Yasam-Kremi-100ml.png 1080w, https:\/\/rosesborn.com\/wp-content\/uploads\/2023\/10\/Ayurveda-Yasam-Kremi-100ml-300x300.png 300w, https:\/\/rosesborn.com\/wp-content\/uploads\/2023\/10\/Ayurveda-Yasam-Kremi-100ml-1024x1024.png 1024w, https:\/\/rosesborn.com\/wp-content\/uploads\/2023\/10\/Ayurveda-Yasam-Kremi-100ml-150x150.png 150w, https:\/\/rosesborn.com\/wp-content\/uploads\/2023\/10\/Ayurveda-Yasam-Kremi-100ml-768x768.png 768w, https:\/\/rosesborn.com\/wp-content\/uploads\/2023\/10\/Ayurveda-Yasam-Kremi-100ml-570x570.png 570w, https:\/\/rosesborn.com\/wp-content\/uploads\/2023\/10\/Ayurveda-Yasam-Kremi-100ml-500x500.png 500w, https:\/\/rosesborn.com\/wp-content\/uploads\/2023\/10\/Ayurveda-Yasam-Kremi-100ml-1000x1000.png 1000w, https:\/\/rosesborn.com\/wp-content\/uploads\/2023\/10\/Ayurveda-Yasam-Kremi-100ml-700x700.png 700w\" sizes=\"(max-width: 1080px) 100vw, 1080px\" \/><\/figure><div class=\"elementor-image-box-content\"><h3 class=\"elementor-image-box-title\">Ayurveda Ya\u015fam Kremi<\/h3><p class=\"elementor-image-box-description\">100ml Ayurveda Ya\u015fam Kremi; el, y\u00fcz ve v\u00fccudunuzun b\u00fct\u00fcn b\u00f6lgesinde. \u00c7akralar\u0131 uyarmaya yard\u0131mc\u0131 olur. Banyodan sonra ve g\u00fcnl\u00fck kullan\u0131mda cildinizi nemlendirir ipeksi bir dokunu\u015f hissi uyand\u0131r\u0131r.<\/p><\/div><\/div>\t\t<\/div>\n\t\t\t\t<\/div>\n\t\t\t\t\t<\/div>\n\t\t<\/div>\n\t\t\t\t<div class=\"elementor-column elementor-col-50 elementor-top-column elementor-element elementor-element-5222390\" data-id=\"5222390\" data-element_type=\"column\">\n\t\t\t<div class=\"elementor-widget-wrap elementor-element-populated\">\n\t\t\t\t\t\t\t\t<div class=\"elementor-element elementor-element-feaedc7 elementor-position-left elementor-vertical-align-top elementor-widget elementor-widget-image-box\" data-id=\"feaedc7\" data-element_type=\"widget\" data-widget_type=\"image-box.default\">\n\t\t\t\t<div class=\"elementor-widget-container\">\n\t\t\t<div class=\"elementor-image-box-wrapper\"><figure class=\"elementor-image-box-img\"><img width=\"1080\" height=\"1080\" src=\"https:\/\/rosesborn.com\/wp-content\/uploads\/2023\/10\/Ayurveda-Yasam-Kremi-500ml.png\" class=\"attachment-full size-full\" alt=\"\" decoding=\"async\" loading=\"lazy\" srcset=\"https:\/\/rosesborn.com\/wp-content\/uploads\/2023\/10\/Ayurveda-Yasam-Kremi-500ml.png 1080w, https:\/\/rosesborn.com\/wp-content\/uploads\/2023\/10\/Ayurveda-Yasam-Kremi-500ml-300x300.png 300w, https:\/\/rosesborn.com\/wp-content\/uploads\/2023\/10\/Ayurveda-Yasam-Kremi-500ml-1024x1024.png 1024w, https:\/\/rosesborn.com\/wp-content\/uploads\/2023\/10\/Ayurveda-Yasam-Kremi-500ml-150x150.png 150w, https:\/\/rosesborn.com\/wp-content\/uploads\/2023\/10\/Ayurveda-Yasam-Kremi-500ml-768x768.png 768w, https:\/\/rosesborn.com\/wp-content\/uploads\/2023\/10\/Ayurveda-Yasam-Kremi-500ml-570x570.png 570w, https:\/\/rosesborn.com\/wp-content\/uploads\/2023\/10\/Ayurveda-Yasam-Kremi-500ml-500x500.png 500w, https:\/\/rosesborn.com\/wp-content\/uploads\/2023\/10\/Ayurveda-Yasam-Kremi-500ml-1000x1000.png 1000w, https:\/\/rosesborn.com\/wp-content\/uploads\/2023\/10\/Ayurveda-Yasam-Kremi-500ml-700x700.png 700w\" sizes=\"(max-width: 1080px) 100vw, 1080px\" \/><\/figure><div class=\"elementor-image-box-content\"><h3 class=\"elementor-image-box-title\">Ayurveda Ya\u015fam Kremi<\/h3><p class=\"elementor-image-box-description\">500ml Ayurveda Ya\u015fam Kremi; el, y\u00fcz ve v\u00fccudunuzun b\u00fct\u00fcn b\u00f6lgesinde. \u00c7akralar\u0131 uyarmaya yard\u0131mc\u0131 olur. Banyodan sonra ve g\u00fcnl\u00fck kullan\u0131mda cildinizi nemlendirir ipeksi bir dokunu\u015f hissi uyand\u0131r\u0131r.<\/p><\/div><\/div>\t\t<\/div>\n\t\t\t\t<\/div>\n\t\t\t\t\t<\/div>\n\t\t<\/div>\n\t\t\t\t\t\t\t<\/div>\n\t\t<\/section>\n\t\t\t\t\t\t<\/div>\n\t\t\t\t\t<\/div>\n\t\t","protected":false},"excerpt":{"rendered":"<p>\u00dcr\u00fcnlerimiz G\u00fcL SUYU G\u00fcl suyu, g\u00fcl ya\u011f\u0131 \u00fcretimi esas\u0131nda ya\u011fl\u0131 su olarak elde edilen saf ve temiz g\u00fcl kokulu do\u011fal sudur. Do\u011fal olarak \u00fcretilen g\u00fcl sular\u0131 defalarca filtreden ge\u00e7irilerek, \u015fi\u015felere dolumu yap\u0131l\u0131r ve ambalajlan\u0131p sat\u0131\u015fa sunulur. G\u00fcl sular\u0131n\u0131n do\u011fal olmas\u0131, cildi besleyici nemlendirici ve dokular\u0131&#8230;<\/p>\n","protected":false},"author":1,"featured_media":0,"parent":0,"menu_order":0,"comment_status":"closed","ping_status":"closed","template":"","meta":[],"_links":{"self":[{"href":"https:\/\/rosesborn.com\/index.php\/wp-json\/wp\/v2\/pages\/716"}],"collection":[{"href":"https:\/\/rosesborn.com\/index.php\/wp-json\/wp\/v2\/pages"}],"about":[{"href":"https:\/\/rosesborn.com\/index.php\/wp-json\/wp\/v2\/types\/page"}],"author":[{"embeddable":true,"href":"https:\/\/rosesborn.com\/index.php\/wp-json\/wp\/v2\/users\/1"}],"replies":[{"embeddable":true,"href":"https:\/\/rosesborn.com\/index.php\/wp-json\/wp\/v2\/comments?post=716"}],"version-history":[{"count":16,"href":"https:\/\/rosesborn.com\/index.php\/wp-json\/wp\/v2\/pages\/716\/revisions"}],"predecessor-version":[{"id":825,"href":"https:\/\/rosesborn.com\/index.php\/wp-json\/wp\/v2\/pages\/716\/revisions\/825"}],"wp:attachment":[{"href":"https:\/\/rosesborn.com\/index.php\/wp-json\/wp\/v2\/media?parent=716"}],"curies":[{"name":"wp","href":"https:\/\/api.w.org\/{rel}","templated":true}]}}